{"id":36650,"date":"2020-11-30T13:41:53","date_gmt":"2020-11-30T13:41:53","guid":{"rendered":"https:\/\/demo.divi-pixel.com\/agency\/?page_id=36650"},"modified":"2026-03-31T12:19:43","modified_gmt":"2026-03-31T10:19:43","slug":"blog","status":"publish","type":"page","link":"https:\/\/cee-creditagricole.eu\/fi\/blog\/","title":{"rendered":"Blogi"},"content":{"rendered":"\n[et_pb_section fb_built=\u00a0\u00bb1&Prime; _builder_version=\u00a0\u00bb4.27.4&Prime; background_color=\u00a0\u00bbrgba(0,0,0,0)\u00a0\u00bb use_background_color_gradient=\u00a0\u00bbon\u00a0\u00bb background_color_gradient_direction=\u00a0\u00bb1deg\u00a0\u00bb background_color_gradient_stops=\u00a0\u00bb#212c91 0%|rgba(12,16,40,0.2) 100%\u00a0\u00bb background_color_gradient_overlays_image=\u00a0\u00bbon\u00a0\u00bb background_color_gradient_start=\u00a0\u00bb#212c91&Prime; background_color_gradient_end=\u00a0\u00bbrgba(12,16,40,0.2)\u00a0\u00bb background_image=\u00a0\u00bbhttps:\/\/cee-creditagricole.eu\/wp-content\/uploads\/2025\/09\/REPORTAGE-PHOTO-CEE-11.jpg\u00a0\u00bb background_blend=\u00a0\u00bbdarken\u00a0\u00bb z_index=\u00a0\u00bb0&Prime; custom_padding=\u00a0\u00bb150px||200px||false|false\u00a0\u00bb bottom_divider_height=\u00a0\u00bb150px\u00a0\u00bb global_colors_info=\u00a0\u00bb{}\u00a0\u00bb][et_pb_row _builder_version=\u00a0\u00bb4.16&Prime; background_size=\u00a0\u00bbinitial\u00a0\u00bb background_position=\u00a0\u00bbtop_left\u00a0\u00bb background_repeat=\u00a0\u00bbrepeat\u00a0\u00bb scroll_vertical_motion_enable=\u00a0\u00bbon\u00a0\u00bb scroll_vertical_motion=\u00a0\u00bb0|50|50|100|-1|0|1&Prime; scroll_fade_enable=\u00a0\u00bbon\u00a0\u00bb scroll_fade=\u00a0\u00bb0|70|70|100|100%|100|0%\u00a0\u00bb motion_trigger_start=\u00a0\u00bbbottom\u00a0\u00bb global_colors_info=\u00a0\u00bb{}\u00a0\u00bb][et_pb_column type=\u00a0\u00bb4_4&Prime; _builder_version=\u00a0\u00bb4.16&Prime; custom_padding=\u00a0\u00bb|||\u00a0\u00bb global_colors_info=\u00a0\u00bb{}\u00a0\u00bb custom_padding__hover=\u00a0\u00bb|||\u00a0\u00bb][et_pb_text _builder_version=\u00a0\u00bb4.27.4&Prime; text_font=\u00a0\u00bbPoppins|700|||||||\u00a0\u00bb text_text_color=\u00a0\u00bb#ffffff\u00a0\u00bb text_font_size=\u00a0\u00bb4vw\u00a0\u00bb text_line_height=\u00a0\u00bb1em\u00a0\u00bb header_font=\u00a0\u00bbPoppins|700|||||||\u00a0\u00bb header_text_color=\u00a0\u00bb#FFFFFF\u00a0\u00bb header_font_size=\u00a0\u00bb70px\u00a0\u00bb text_orientation=\u00a0\u00bbcenter\u00a0\u00bb text_font_size_tablet=\u00a0\u00bb8vw\u00a0\u00bb text_font_size_phone=\u00a0\u00bb8vw\u00a0\u00bb text_font_size_last_edited=\u00a0\u00bbon|tablet\u00a0\u00bb header_font_size_tablet=\u00a0\u00bb40px\u00a0\u00bb header_font_size_phone=\u00a0\u00bb35px\u00a0\u00bb header_font_size_last_edited=\u00a0\u00bbon|phone\u00a0\u00bb global_colors_info=\u00a0\u00bb{}\u00a0\u00bb]<h1>Blog &#8211; Nos actualit\u00e9s<\/h1>[\/et_pb_text][et_pb_text _builder_version=\u00a0\u00bb4.27.4&Prime; text_font=\u00a0\u00bbPoppins|300|||||||\u00a0\u00bb text_text_color=\u00a0\u00bb#ffffff\u00a0\u00bb text_font_size=\u00a0\u00bb1vw\u00a0\u00bb text_orientation=\u00a0\u00bbcenter\u00a0\u00bb custom_margin=\u00a0\u00bb||||false|false\u00a0\u00bb text_font_size_tablet=\u00a0\u00bb3vw\u00a0\u00bb text_font_size_phone=\u00a0\u00bb5vw\u00a0\u00bb text_font_size_last_edited=\u00a0\u00bbon|phone\u00a0\u00bb global_colors_info=\u00a0\u00bb{}\u00a0\u00bb]<p>Restez inform\u00e9 des derni\u00e8res \u00e9volutions du Comit\u00e9 et des initiatives transnationales port\u00e9es par le Groupe.<\/p>[\/et_pb_text][\/et_pb_column][\/et_pb_row][\/et_pb_section][et_pb_section fb_built=\u00a0\u00bb1&Prime; _builder_version=\u00a0\u00bb4.16&Prime; background_color=\u00a0\u00bbrgba(0,0,0,0)\u00a0\u00bb custom_margin=\u00a0\u00bb-60px||||false|false\u00a0\u00bb custom_padding=\u00a0\u00bb0px||0px||false|false\u00a0\u00bb global_colors_info=\u00a0\u00bb{}\u00a0\u00bb][et_pb_row _builder_version=\u00a0\u00bb4.16&Prime; max_width=\u00a0\u00bb120px\u00a0\u00bb module_alignment=\u00a0\u00bbcenter\u00a0\u00bb custom_margin=\u00a0\u00bb||||false|false\u00a0\u00bb custom_padding=\u00a0\u00bb0px||0px||false|false\u00a0\u00bb global_colors_info=\u00a0\u00bb{}\u00a0\u00bb][et_pb_column type=\u00a0\u00bb4_4&Prime; _builder_version=\u00a0\u00bb4.16&Prime; global_colors_info=\u00a0\u00bb{}\u00a0\u00bb][dipi_hover_box use_content_icon=\u00a0\u00bbon\u00a0\u00bb content_icon=\u00a0\u00bb&#x22;||divi||400&Prime; content_icon_color=\u00a0\u00bb#f4f4f4&Prime; content_circle_icon=\u00a0\u00bbon\u00a0\u00bb content_circle_color=\u00a0\u00bb#212c91&Prime; use_content_hover_icon=\u00a0\u00bbon\u00a0\u00bb content_hover_icon=\u00a0\u00bb&#x22;||divi||400&Prime; content_hover_icon_color=\u00a0\u00bb#212c91&Prime; content_hover_circle_icon=\u00a0\u00bbon\u00a0\u00bb content_hover_circle_color=\u00a0\u00bb#ffffff\u00a0\u00bb hover_box_align_front=\u00a0\u00bbtop\u00a0\u00bb hover_box_align_back=\u00a0\u00bbtop\u00a0\u00bb box_height=\u00a0\u00bb120px\u00a0\u00bb content_bg_color=\u00a0\u00bbrgba(0,0,0,0)\u00a0\u00bb content_hover_bg_color=\u00a0\u00bbrgba(0,0,0,0)\u00a0\u00bb _builder_version=\u00a0\u00bb4.16&Prime; background_color=\u00a0\u00bbrgba(0,0,0,0)\u00a0\u00bb max_width=\u00a0\u00bb90px\u00a0\u00bb module_alignment=\u00a0\u00bbcenter\u00a0\u00bb custom_margin=\u00a0\u00bb||||false|false\u00a0\u00bb custom_padding=\u00a0\u00bb||||false|false\u00a0\u00bb animation_style=\u00a0\u00bbbounce\u00a0\u00bb animation_direction=\u00a0\u00bbtop\u00a0\u00bb animation_duration=\u00a0\u00bb2000ms\u00a0\u00bb animation_delay=\u00a0\u00bb2000ms\u00a0\u00bb animation_speed_curve=\u00a0\u00bbease-out\u00a0\u00bb link_option_url=\u00a0\u00bb#blog\u00a0\u00bb custom_css_content_card_container=\u00a0\u00bbpadding:0!important;\u00a0\u00bb custom_css_content_hover_card_container=\u00a0\u00bbpadding:0!important;\u00a0\u00bb border_radii=\u00a0\u00bbon|100px|100px|100px|100px\u00a0\u00bb global_colors_info=\u00a0\u00bb{}\u00a0\u00bb background__hover_enabled=\u00a0\u00bbon|hover\u00a0\u00bb overlay_bg_color_gradient_type_tablet=\u00a0\u00bblinear\u00a0\u00bb overlay_bg_color_gradient_type_phone=\u00a0\u00bblinear\u00a0\u00bb overlay_bg_color_gradient_type__hover=\u00a0\u00bblinear\u00a0\u00bb image_bg_color_gradient_type__hover=\u00a0\u00bblinear\u00a0\u00bb item_bg_color_gradient_type=\u00a0\u00bblinear\u00a0\u00bb overlay_bg_color_gradient_type=\u00a0\u00bblinear\u00a0\u00bb image_bg_color_gradient_type=\u00a0\u00bblinear\u00a0\u00bb front_side_bg_color_gradient_type=\u00a0\u00bblinear\u00a0\u00bb back_side_bg_color_gradient_type=\u00a0\u00bblinear\u00a0\u00bb first_heading_color_gradient_type=\u00a0\u00bblinear\u00a0\u00bb second_heading_color_gradient_type=\u00a0\u00bblinear\u00a0\u00bb background_text_color_gradient_type=\u00a0\u00bblinear\u00a0\u00bb fh_reveal_effect_color_gradient_type=\u00a0\u00bblinear\u00a0\u00bb sh_reveal_effect_color_gradient_type=\u00a0\u00bblinear\u00a0\u00bb][\/dipi_hover_box][\/et_pb_column][\/et_pb_row][\/et_pb_section][et_pb_section fb_built=\u00a0\u00bb1&Prime; module_id=\u00a0\u00bbblog\u00a0\u00bb _builder_version=\u00a0\u00bb4.16&Prime; _module_preset=\u00a0\u00bbdefault\u00a0\u00bb global_colors_info=\u00a0\u00bb{}\u00a0\u00bb][et_pb_row _builder_version=\u00a0\u00bb4.16&Prime; _module_preset=\u00a0\u00bbdefault\u00a0\u00bb global_colors_info=\u00a0\u00bb{}\u00a0\u00bb][et_pb_column type=\u00a0\u00bb4_4&Prime; _builder_version=\u00a0\u00bb4.16&Prime; _module_preset=\u00a0\u00bbdefault\u00a0\u00bb global_colors_info=\u00a0\u00bb{}\u00a0\u00bb][et_pb_blog fullwidth=\u00a0\u00bboff\u00a0\u00bb show_more=\u00a0\u00bbon\u00a0\u00bb _builder_version=\u00a0\u00bb4.27.5&Prime; _module_preset=\u00a0\u00bbdefault\u00a0\u00bb header_font=\u00a0\u00bbPoppins|700|||||||\u00a0\u00bb header_text_color=\u00a0\u00bb#0c1028&Prime; header_font_size=\u00a0\u00bb24px\u00a0\u00bb header_line_height=\u00a0\u00bb1.2em\u00a0\u00bb body_font=\u00a0\u00bbPoppins|300|||||||\u00a0\u00bb body_text_color=\u00a0\u00bbrgba(12,16,40,0.6)\u00a0\u00bb body_line_height=\u00a0\u00bb1.9em\u00a0\u00bb meta_font=\u00a0\u00bb|600||on|||||\u00a0\u00bb meta_text_color=\u00a0\u00bb#212c91&Prime; meta_font_size=\u00a0\u00bb12px\u00a0\u00bb meta_letter_spacing=\u00a0\u00bb1px\u00a0\u00bb read_more_font=\u00a0\u00bbPoppins|700||on|||||\u00a0\u00bb read_more_text_color=\u00a0\u00bb#212c91&Prime; hover_enabled=\u00a0\u00bb0&Prime; custom_css_content=\u00a0\u00bbmargin-bottom: 20px !important;||margin-top: 20px;\u00a0\u00bb custom_css_read_more=\u00a0\u00bbpadding: 8px 20px;||background-color: #e4e6f9;||border-radius: 100px;||margin-top: 20px !important;||display: inline-block;||transition: all .3s ease-in-out;\u00a0\u00bb border_width_all=\u00a0\u00bb0px\u00a0\u00bb box_shadow_style=\u00a0\u00bbpreset1&Prime; box_shadow_blur=\u00a0\u00bb40px\u00a0\u00bb box_shadow_color=\u00a0\u00bbrgba(33,44,145,0.1)\u00a0\u00bb global_colors_info=\u00a0\u00bb{}\u00a0\u00bb custom_css_read_more__hover_enabled=\u00a0\u00bbon|desktop\u00a0\u00bb custom_css_read_more__hover=\u00a0\u00bbbackground-color: #2b3db3;||transition: all .4s ease-in-out;\u00a0\u00bb read_more_text_color__hover_enabled=\u00a0\u00bbon|hover\u00a0\u00bb read_more_text_color__hover=\u00a0\u00bb#ffffff\u00a0\u00bb show_author=\u00a0\u00bboff\u00a0\u00bb sticky_enabled=\u00a0\u00bb0&Prime;][\/et_pb_blog][\/et_pb_column][\/et_pb_row][\/et_pb_section]\n","protected":false},"excerpt":{"rendered":"<p>Blog &#8211; Nos actualit\u00e9sRestez inform\u00e9 des derni\u00e8res \u00e9volutions du Comit\u00e9 et des initiatives transnationales port\u00e9es par le Groupe.<div class=\"et_pb_module dipi_hover_box dipi_hover_box_0 et_animated et_clickable\">\n\t\t\t\t\n\t\t\t\t\n\t\t\t\t\n\t\t\t\t\n\t\t\t\t\n\t\t\t\t\n\t\t\t\t<div class=\"et_pb_module_inner\">\n\t\t\t\t\t<div class=\"dipi-hover-box-container dipi-hover-box-slide-top hover_box_align_front_\u00bbtop hover_box_align_back_\u00bbtop\" data-force_square=\"off\">\n                <div class=\"dipi-hover-box-inner-wrapper\">\n                    <div class=\"dipi-hover-box-content\">\n              \n              <div class=\"dipi-hover-box-content-innner\">\n                    \n                    <div class=\"dipi-text\">\n                        \n                        <div class=\"dipi-desc\"><\/div>\n                    <\/div>\n              <\/div>\n            <\/div>\n            \n                    <div class=\"dipi-hover-box-hover\">\n                \n                <div class=\"dipi-hover-box-hover-innner\">\n                    \n                    <div class=\"dipi-text\">\n                        \n                        <div class=\"dipi-desc\">\n                    \n                <\/div>\n                    <\/div>\n                    \n                <\/div>\n            <\/div>\n                <\/div>\n            <\/div>\n\t\t\t\t<\/div>\n\t\t\t<\/div><\/p>","protected":false},"author":1,"featured_media":0,"parent":0,"menu_order":0,"comment_status":"closed","ping_status":"closed","template":"","meta":{"_et_pb_use_builder":"on","_et_pb_old_content":"","_et_gb_content_width":"","footnotes":""},"dipi_cpt_category":[],"class_list":["post-36650","page","type-page","status-publish","hentry"],"yoast_head":"<!-- This site is optimized with the Yoast SEO plugin v27.3 - https:\/\/yoast.com\/product\/yoast-seo-wordpress\/ -->\n<title>Blog - CEE - Comit\u00e9 d&#039;entreprise Europ\u00e9en du groupe Cr\u00e9dit Agricole<\/title>\n<meta name=\"description\" content=\"Suivez l&#039;actualit\u00e9 du Comit\u00e9 d&#039;Entreprise Europ\u00e9en du Groupe Cr\u00e9dit Agricole : r\u00e9unions pl\u00e9ni\u00e8res, missions pays et initiatives sociales transnationales.\" \/>\n<meta name=\"robots\" content=\"index, follow, max-snippet:-1, max-image-preview:large, max-video-preview:-1\" \/>\n<link rel=\"canonical\" href=\"https:\/\/cee-creditagricole.eu\/fi\/blog\/\" \/>\n<meta property=\"og:locale\" content=\"fi_FI\" \/>\n<meta property=\"og:type\" content=\"article\" \/>\n<meta property=\"og:title\" content=\"Blog - CEE - Comit\u00e9 d&#039;entreprise Europ\u00e9en du groupe Cr\u00e9dit Agricole\" \/>\n<meta property=\"og:description\" content=\"Suivez l&#039;actualit\u00e9 du Comit\u00e9 d&#039;Entreprise Europ\u00e9en du Groupe Cr\u00e9dit Agricole : r\u00e9unions pl\u00e9ni\u00e8res, missions pays et initiatives sociales transnationales.\" \/>\n<meta property=\"og:url\" content=\"https:\/\/cee-creditagricole.eu\/fi\/blog\/\" \/>\n<meta property=\"og:site_name\" content=\"CEE - Comit\u00e9 d&#039;entreprise Europ\u00e9en du groupe Cr\u00e9dit Agricole\" \/>\n<meta property=\"article:modified_time\" content=\"2026-03-31T10:19:43+00:00\" \/>\n<meta property=\"og:image\" content=\"https:\/\/cee-creditagricole.eu\/wp-content\/uploads\/2025\/07\/logo-avec-fond-blanc.png\" \/>\n\t<meta property=\"og:image:width\" content=\"555\" \/>\n\t<meta property=\"og:image:height\" content=\"369\" \/>\n\t<meta property=\"og:image:type\" content=\"image\/png\" \/>\n<meta name=\"twitter:card\" content=\"summary_large_image\" \/>\n<meta name=\"twitter:label1\" content=\"Arvioitu lukuaika\" \/>\n\t<meta name=\"twitter:data1\" content=\"3 minuuttia\" \/>\n<script type=\"application\/ld+json\" class=\"yoast-schema-graph\">{\"@context\":\"https:\\\/\\\/schema.org\",\"@graph\":[{\"@type\":\"WebPage\",\"@id\":\"https:\\\/\\\/cee-creditagricole.eu\\\/blog\\\/\",\"url\":\"https:\\\/\\\/cee-creditagricole.eu\\\/blog\\\/\",\"name\":\"Blog - CEE - Comit\u00e9 d&#039;entreprise Europ\u00e9en du groupe Cr\u00e9dit Agricole\",\"isPartOf\":{\"@id\":\"https:\\\/\\\/cee-creditagricole.eu\\\/#website\"},\"datePublished\":\"2020-11-30T13:41:53+00:00\",\"dateModified\":\"2026-03-31T10:19:43+00:00\",\"description\":\"Suivez l'actualit\u00e9 du Comit\u00e9 d'Entreprise Europ\u00e9en du Groupe Cr\u00e9dit Agricole : r\u00e9unions pl\u00e9ni\u00e8res, missions pays et initiatives sociales transnationales.\",\"breadcrumb\":{\"@id\":\"https:\\\/\\\/cee-creditagricole.eu\\\/blog\\\/#breadcrumb\"},\"inLanguage\":\"fi\",\"potentialAction\":[{\"@type\":\"ReadAction\",\"target\":[\"https:\\\/\\\/cee-creditagricole.eu\\\/blog\\\/\"]}]},{\"@type\":\"BreadcrumbList\",\"@id\":\"https:\\\/\\\/cee-creditagricole.eu\\\/blog\\\/#breadcrumb\",\"itemListElement\":[{\"@type\":\"ListItem\",\"position\":1,\"name\":\"Accueil\",\"item\":\"https:\\\/\\\/cee-creditagricole.eu\\\/\"},{\"@type\":\"ListItem\",\"position\":2,\"name\":\"Blog\"}]},{\"@type\":\"WebSite\",\"@id\":\"https:\\\/\\\/cee-creditagricole.eu\\\/#website\",\"url\":\"https:\\\/\\\/cee-creditagricole.eu\\\/\",\"name\":\"CEE - Comit\u00e9 d'entreprise Europ\u00e9en\",\"description\":\"CEE - Groupe Cr\u00e9dit Agricole\",\"publisher\":{\"@id\":\"https:\\\/\\\/cee-creditagricole.eu\\\/#organization\"},\"alternateName\":\"CEE - Comit\u00e9 d'entreprise Europ\u00e9en\",\"potentialAction\":[{\"@type\":\"SearchAction\",\"target\":{\"@type\":\"EntryPoint\",\"urlTemplate\":\"https:\\\/\\\/cee-creditagricole.eu\\\/?s={search_term_string}\"},\"query-input\":{\"@type\":\"PropertyValueSpecification\",\"valueRequired\":true,\"valueName\":\"search_term_string\"}}],\"inLanguage\":\"fi\"},{\"@type\":\"Organization\",\"@id\":\"https:\\\/\\\/cee-creditagricole.eu\\\/#organization\",\"name\":\"CEE - Comit\u00e9 d'entreprise Europ\u00e9en\",\"alternateName\":\"CEE - Comit\u00e9 d'entreprise Europ\u00e9en\",\"url\":\"https:\\\/\\\/cee-creditagricole.eu\\\/\",\"logo\":{\"@type\":\"ImageObject\",\"inLanguage\":\"fi\",\"@id\":\"https:\\\/\\\/cee-creditagricole.eu\\\/#\\\/schema\\\/logo\\\/image\\\/\",\"url\":\"https:\\\/\\\/cee-creditagricole.eu\\\/wp-content\\\/uploads\\\/2025\\\/07\\\/logo-avec-fond-blanc.png\",\"contentUrl\":\"https:\\\/\\\/cee-creditagricole.eu\\\/wp-content\\\/uploads\\\/2025\\\/07\\\/logo-avec-fond-blanc.png\",\"width\":555,\"height\":369,\"caption\":\"CEE - Comit\u00e9 d'entreprise Europ\u00e9en\"},\"image\":{\"@id\":\"https:\\\/\\\/cee-creditagricole.eu\\\/#\\\/schema\\\/logo\\\/image\\\/\"}}]}<\/script>\n<!-- \/ Yoast SEO plugin. -->","yoast_head_json":{"title":"Blog - CEE - Comit\u00e9 d&#039;entreprise Europ\u00e9en du groupe Cr\u00e9dit Agricole","description":"Suivez l'actualit\u00e9 du Comit\u00e9 d'Entreprise Europ\u00e9en du Groupe Cr\u00e9dit Agricole : r\u00e9unions pl\u00e9ni\u00e8res, missions pays et initiatives sociales transnationales.","robots":{"index":"index","follow":"follow","max-snippet":"max-snippet:-1","max-image-preview":"max-image-preview:large","max-video-preview":"max-video-preview:-1"},"canonical":"https:\/\/cee-creditagricole.eu\/fi\/blog\/","og_locale":"fi_FI","og_type":"article","og_title":"Blog - CEE - Comit\u00e9 d&#039;entreprise Europ\u00e9en du groupe Cr\u00e9dit Agricole","og_description":"Suivez l'actualit\u00e9 du Comit\u00e9 d'Entreprise Europ\u00e9en du Groupe Cr\u00e9dit Agricole : r\u00e9unions pl\u00e9ni\u00e8res, missions pays et initiatives sociales transnationales.","og_url":"https:\/\/cee-creditagricole.eu\/fi\/blog\/","og_site_name":"CEE - Comit\u00e9 d&#039;entreprise Europ\u00e9en du groupe Cr\u00e9dit Agricole","article_modified_time":"2026-03-31T10:19:43+00:00","og_image":[{"width":555,"height":369,"url":"https:\/\/cee-creditagricole.eu\/wp-content\/uploads\/2025\/07\/logo-avec-fond-blanc.png","type":"image\/png"}],"twitter_card":"summary_large_image","twitter_misc":{"Arvioitu lukuaika":"3 minuuttia"},"schema":{"@context":"https:\/\/schema.org","@graph":[{"@type":"WebPage","@id":"https:\/\/cee-creditagricole.eu\/blog\/","url":"https:\/\/cee-creditagricole.eu\/blog\/","name":"Blog - CEE - Comit\u00e9 d&#039;entreprise Europ\u00e9en du groupe Cr\u00e9dit Agricole","isPartOf":{"@id":"https:\/\/cee-creditagricole.eu\/#website"},"datePublished":"2020-11-30T13:41:53+00:00","dateModified":"2026-03-31T10:19:43+00:00","description":"Suivez l'actualit\u00e9 du Comit\u00e9 d'Entreprise Europ\u00e9en du Groupe Cr\u00e9dit Agricole : r\u00e9unions pl\u00e9ni\u00e8res, missions pays et initiatives sociales transnationales.","breadcrumb":{"@id":"https:\/\/cee-creditagricole.eu\/blog\/#breadcrumb"},"inLanguage":"fi","potentialAction":[{"@type":"ReadAction","target":["https:\/\/cee-creditagricole.eu\/blog\/"]}]},{"@type":"BreadcrumbList","@id":"https:\/\/cee-creditagricole.eu\/blog\/#breadcrumb","itemListElement":[{"@type":"ListItem","position":1,"name":"Accueil","item":"https:\/\/cee-creditagricole.eu\/"},{"@type":"ListItem","position":2,"name":"Blog"}]},{"@type":"WebSite","@id":"https:\/\/cee-creditagricole.eu\/#website","url":"https:\/\/cee-creditagricole.eu\/","name":"EWC - Eurooppalainen yritysneuvosto","description":"CEE - Cr\u00e9dit Agricole -konserni","publisher":{"@id":"https:\/\/cee-creditagricole.eu\/#organization"},"alternateName":"CEE - Comit\u00e9 d'entreprise Europ\u00e9en","potentialAction":[{"@type":"SearchAction","target":{"@type":"EntryPoint","urlTemplate":"https:\/\/cee-creditagricole.eu\/?s={search_term_string}"},"query-input":{"@type":"PropertyValueSpecification","valueRequired":true,"valueName":"search_term_string"}}],"inLanguage":"fi"},{"@type":"Organization","@id":"https:\/\/cee-creditagricole.eu\/#organization","name":"EWC - Eurooppalainen yritysneuvosto","alternateName":"CEE - Comit\u00e9 d'entreprise Europ\u00e9en","url":"https:\/\/cee-creditagricole.eu\/","logo":{"@type":"ImageObject","inLanguage":"fi","@id":"https:\/\/cee-creditagricole.eu\/#\/schema\/logo\/image\/","url":"https:\/\/cee-creditagricole.eu\/wp-content\/uploads\/2025\/07\/logo-avec-fond-blanc.png","contentUrl":"https:\/\/cee-creditagricole.eu\/wp-content\/uploads\/2025\/07\/logo-avec-fond-blanc.png","width":555,"height":369,"caption":"CEE - Comit\u00e9 d'entreprise Europ\u00e9en"},"image":{"@id":"https:\/\/cee-creditagricole.eu\/#\/schema\/logo\/image\/"}}]}},"_links":{"self":[{"href":"https:\/\/cee-creditagricole.eu\/fi\/wp-json\/wp\/v2\/pages\/36650","targetHints":{"allow":["GET"]}}],"collection":[{"href":"https:\/\/cee-creditagricole.eu\/fi\/wp-json\/wp\/v2\/pages"}],"about":[{"href":"https:\/\/cee-creditagricole.eu\/fi\/wp-json\/wp\/v2\/types\/page"}],"author":[{"embeddable":true,"href":"https:\/\/cee-creditagricole.eu\/fi\/wp-json\/wp\/v2\/users\/1"}],"replies":[{"embeddable":true,"href":"https:\/\/cee-creditagricole.eu\/fi\/wp-json\/wp\/v2\/comments?post=36650"}],"version-history":[{"count":8,"href":"https:\/\/cee-creditagricole.eu\/fi\/wp-json\/wp\/v2\/pages\/36650\/revisions"}],"predecessor-version":[{"id":38366,"href":"https:\/\/cee-creditagricole.eu\/fi\/wp-json\/wp\/v2\/pages\/36650\/revisions\/38366"}],"wp:attachment":[{"href":"https:\/\/cee-creditagricole.eu\/fi\/wp-json\/wp\/v2\/media?parent=36650"}],"wp:term":[{"taxonomy":"dipi_cpt_category","embeddable":true,"href":"https:\/\/cee-creditagricole.eu\/fi\/wp-json\/wp\/v2\/dipi_cpt_category?post=36650"}],"curies":[{"name":"wp","href":"https:\/\/api.w.org\/{rel}","templated":true}]}}