{"id":29,"date":"2025-07-03T14:46:30","date_gmt":"2025-07-03T12:46:30","guid":{"rendered":"https:\/\/cee-creditagricole.eu\/?page_id=29"},"modified":"2026-03-31T12:18:58","modified_gmt":"2026-03-31T10:18:58","slug":"publications","status":"publish","type":"page","link":"https:\/\/cee-creditagricole.eu\/nl_nl\/publications\/","title":{"rendered":"Publicaties"},"content":{"rendered":"\n[et_pb_section fb_built=\u00a0\u00bb1&Prime; _builder_version=\u00a0\u00bb4.27.4&Prime; background_color=\u00a0\u00bbrgba(0,0,0,0)\u00a0\u00bb use_background_color_gradient=\u00a0\u00bbon\u00a0\u00bb background_color_gradient_direction=\u00a0\u00bb1deg\u00a0\u00bb background_color_gradient_stops=\u00a0\u00bb#212c91 0%|rgba(12,16,40,0.2) 100%\u00a0\u00bb background_color_gradient_overlays_image=\u00a0\u00bbon\u00a0\u00bb background_color_gradient_start=\u00a0\u00bb#212c91&Prime; background_color_gradient_end=\u00a0\u00bbrgba(12,16,40,0.2)\u00a0\u00bb background_image=\u00a0\u00bbhttps:\/\/cee-creditagricole.eu\/wp-content\/uploads\/2025\/09\/REPORTAGE-PHOTO-CEE-11.jpg\u00a0\u00bb background_blend=\u00a0\u00bbdarken\u00a0\u00bb z_index=\u00a0\u00bb0&Prime; custom_padding=\u00a0\u00bb150px||200px||false|false\u00a0\u00bb bottom_divider_height=\u00a0\u00bb150px\u00a0\u00bb global_colors_info=\u00a0\u00bb{}\u00a0\u00bb][et_pb_row _builder_version=\u00a0\u00bb4.16&Prime; background_size=\u00a0\u00bbinitial\u00a0\u00bb background_position=\u00a0\u00bbtop_left\u00a0\u00bb background_repeat=\u00a0\u00bbrepeat\u00a0\u00bb scroll_vertical_motion_enable=\u00a0\u00bbon\u00a0\u00bb scroll_vertical_motion=\u00a0\u00bb0|50|50|100|-1|0|1&Prime; scroll_fade_enable=\u00a0\u00bbon\u00a0\u00bb scroll_fade=\u00a0\u00bb0|70|70|100|100%|100|0%\u00a0\u00bb motion_trigger_start=\u00a0\u00bbbottom\u00a0\u00bb global_colors_info=\u00a0\u00bb{}\u00a0\u00bb][et_pb_column type=\u00a0\u00bb4_4&Prime; _builder_version=\u00a0\u00bb4.16&Prime; custom_padding=\u00a0\u00bb|||\u00a0\u00bb global_colors_info=\u00a0\u00bb{}\u00a0\u00bb custom_padding__hover=\u00a0\u00bb|||\u00a0\u00bb][et_pb_text _builder_version=\u00a0\u00bb4.27.4&Prime; text_font=\u00a0\u00bbPoppins|700|||||||\u00a0\u00bb text_text_color=\u00a0\u00bb#ffffff\u00a0\u00bb text_font_size=\u00a0\u00bb4vw\u00a0\u00bb text_line_height=\u00a0\u00bb1em\u00a0\u00bb header_font=\u00a0\u00bbPoppins|700|||||||\u00a0\u00bb header_text_color=\u00a0\u00bb#FFFFFF\u00a0\u00bb header_font_size=\u00a0\u00bb70px\u00a0\u00bb text_orientation=\u00a0\u00bbcenter\u00a0\u00bb text_font_size_tablet=\u00a0\u00bb8vw\u00a0\u00bb text_font_size_phone=\u00a0\u00bb8vw\u00a0\u00bb text_font_size_last_edited=\u00a0\u00bbon|tablet\u00a0\u00bb header_font_size_tablet=\u00a0\u00bb40px\u00a0\u00bb header_font_size_phone=\u00a0\u00bb35px\u00a0\u00bb header_font_size_last_edited=\u00a0\u00bbon|phone\u00a0\u00bb global_colors_info=\u00a0\u00bb{}\u00a0\u00bb]<h1>Publications<\/h1>[\/et_pb_text][et_pb_text _builder_version=\u00a0\u00bb4.27.4&Prime; text_font=\u00a0\u00bbPoppins|300|||||||\u00a0\u00bb text_text_color=\u00a0\u00bb#ffffff\u00a0\u00bb text_font_size=\u00a0\u00bb1vw\u00a0\u00bb text_orientation=\u00a0\u00bbcenter\u00a0\u00bb custom_margin=\u00a0\u00bb||||false|false\u00a0\u00bb text_font_size_tablet=\u00a0\u00bb3vw\u00a0\u00bb text_font_size_phone=\u00a0\u00bb5vw\u00a0\u00bb text_font_size_last_edited=\u00a0\u00bbon|phone\u00a0\u00bb global_colors_info=\u00a0\u00bb{}\u00a0\u00bb]<p>Acc\u00e9dez \u00e0 nos comptes rendus de r\u00e9unions pl\u00e9ni\u00e8res, \u00e0 nos rapports d\u2019activit\u00e9 et \u00e0 nos lettres d&rsquo;information internes.<\/p>[\/et_pb_text][\/et_pb_column][\/et_pb_row][\/et_pb_section][et_pb_section fb_built=\u00a0\u00bb1&Prime; _builder_version=\u00a0\u00bb4.27.5&Prime; background_color=\u00a0\u00bbRGBA(255,255,255,0)\u00a0\u00bb custom_margin=\u00a0\u00bb-60px||||false|false\u00a0\u00bb custom_padding=\u00a0\u00bb0px||0px||false|false\u00a0\u00bb global_colors_info=\u00a0\u00bb{}\u00a0\u00bb][et_pb_row _builder_version=\u00a0\u00bb4.16&Prime; max_width=\u00a0\u00bb120px\u00a0\u00bb module_alignment=\u00a0\u00bbcenter\u00a0\u00bb custom_margin=\u00a0\u00bb||||false|false\u00a0\u00bb custom_padding=\u00a0\u00bb0px||0px||false|false\u00a0\u00bb global_colors_info=\u00a0\u00bb{}\u00a0\u00bb][et_pb_column type=\u00a0\u00bb4_4&Prime; _builder_version=\u00a0\u00bb4.16&Prime; global_colors_info=\u00a0\u00bb{}\u00a0\u00bb][dipi_hover_box use_content_icon=\u00a0\u00bbon\u00a0\u00bb content_icon=\u00a0\u00bb&#x22;||divi||400&Prime; content_icon_color=\u00a0\u00bb#f4f4f4&Prime; content_circle_icon=\u00a0\u00bbon\u00a0\u00bb content_circle_color=\u00a0\u00bb#28347F\u00a0\u00bb use_content_hover_icon=\u00a0\u00bbon\u00a0\u00bb content_hover_icon=\u00a0\u00bb&#x22;||divi||400&Prime; content_hover_icon_color=\u00a0\u00bb#212c91&Prime; content_hover_circle_icon=\u00a0\u00bbon\u00a0\u00bb content_hover_circle_color=\u00a0\u00bb#ffffff\u00a0\u00bb hover_box_align_front=\u00a0\u00bbtop\u00a0\u00bb hover_box_align_back=\u00a0\u00bbtop\u00a0\u00bb box_height=\u00a0\u00bb120px\u00a0\u00bb content_bg_color=\u00a0\u00bbrgba(0,0,0,0)\u00a0\u00bb content_hover_bg_color=\u00a0\u00bbrgba(0,0,0,0)\u00a0\u00bb _builder_version=\u00a0\u00bb4.27.4&Prime; background_color=\u00a0\u00bbrgba(0,0,0,0)\u00a0\u00bb max_width=\u00a0\u00bb90px\u00a0\u00bb module_alignment=\u00a0\u00bbcenter\u00a0\u00bb custom_margin=\u00a0\u00bb||||false|false\u00a0\u00bb custom_padding=\u00a0\u00bb||||false|false\u00a0\u00bb animation_style=\u00a0\u00bbbounce\u00a0\u00bb animation_direction=\u00a0\u00bbtop\u00a0\u00bb animation_duration=\u00a0\u00bb2000ms\u00a0\u00bb animation_delay=\u00a0\u00bb2000ms\u00a0\u00bb animation_speed_curve=\u00a0\u00bbease-out\u00a0\u00bb link_option_url=\u00a0\u00bb#services\u00a0\u00bb custom_css_content_card_container=\u00a0\u00bbpadding:0!important;\u00a0\u00bb custom_css_content_hover_card_container=\u00a0\u00bbpadding:0!important;\u00a0\u00bb border_radii=\u00a0\u00bbon|100px|100px|100px|100px\u00a0\u00bb global_colors_info=\u00a0\u00bb{}\u00a0\u00bb background__hover_enabled=\u00a0\u00bbon|hover\u00a0\u00bb overlay_bg_color_gradient_type_tablet=\u00a0\u00bblinear\u00a0\u00bb overlay_bg_color_gradient_type_phone=\u00a0\u00bblinear\u00a0\u00bb overlay_bg_color_gradient_type__hover=\u00a0\u00bblinear\u00a0\u00bb image_bg_color_gradient_type__hover=\u00a0\u00bblinear\u00a0\u00bb][\/dipi_hover_box][\/et_pb_column][\/et_pb_row][\/et_pb_section][et_pb_section fb_built=\u00a0\u00bb1&Prime; _builder_version=\u00a0\u00bb4.27.5&Prime; _module_preset=\u00a0\u00bbdefault\u00a0\u00bb custom_padding=\u00a0\u00bb1px|||||\u00a0\u00bb global_colors_info=\u00a0\u00bb{}\u00a0\u00bb][et_pb_row _builder_version=\u00a0\u00bb4.27.5&Prime; _module_preset=\u00a0\u00bbdefault\u00a0\u00bb global_colors_info=\u00a0\u00bb{}\u00a0\u00bb][et_pb_column type=\u00a0\u00bb4_4&Prime; _builder_version=\u00a0\u00bb4.27.5&Prime; _module_preset=\u00a0\u00bbdefault\u00a0\u00bb global_colors_info=\u00a0\u00bb{}\u00a0\u00bb][dipi_advanced_tabs use_sticky_tabs=\u00a0\u00bbon\u00a0\u00bb enable_tabs_slider=\u00a0\u00bbon\u00a0\u00bb tabs_item_bg_color=\u00a0\u00bb#E4E6F9&Prime; tabs_item_active_bg_color=\u00a0\u00bb#28347F\u00a0\u00bb _builder_version=\u00a0\u00bb4.27.6&Prime; _module_preset=\u00a0\u00bbdefault\u00a0\u00bb title_active_text_color=\u00a0\u00bb#FFFFFF\u00a0\u00bb border_width_all_tabs_item=\u00a0\u00bb1px\u00a0\u00bb border_color_all_tabs_item=\u00a0\u00bb#FFFFFF\u00a0\u00bb border_width_all_tabs_item_active=\u00a0\u00bb1px\u00a0\u00bb border_color_all_tabs_item_active=\u00a0\u00bb#EEC527&Prime; box_shadow_style_content_wrapper=\u00a0\u00bbpreset2&Prime; global_colors_info=\u00a0\u00bb{}\u00a0\u00bb][dipi_advanced_tabs_item title=\u00a0\u00bbFran\u00e7ais\u00a0\u00bb is_default_tab=\u00a0\u00bbon\u00a0\u00bb use_library_content=\u00a0\u00bbon\u00a0\u00bb divi_library=\u00a0\u00bb37782&Prime; image=\u00a0\u00bbhttps:\/\/cee-creditagricole.eu\/wp-content\/uploads\/2025\/10\/MEMBRES-CEE-FRANCE.png\u00a0\u00bb tab_media=\u00a0\u00bbimage\u00a0\u00bb tab_image=\u00a0\u00bbhttps:\/\/cee-creditagricole.eu\/wp-content\/uploads\/2025\/10\/MEMBRES-CEE-FRANCE.png\u00a0\u00bb _builder_version=\u00a0\u00bb4.27.6&Prime; _module_preset=\u00a0\u00bbdefault\u00a0\u00bb global_colors_info=\u00a0\u00bb{}\u00a0\u00bb][\/dipi_advanced_tabs_item][dipi_advanced_tabs_item title=\u00a0\u00bbAnglais\u00a0\u00bb use_library_content=\u00a0\u00bbon\u00a0\u00bb divi_library=\u00a0\u00bb37814&Prime; tab_media=\u00a0\u00bbimage\u00a0\u00bb tab_image=\u00a0\u00bbhttps:\/\/cee-creditagricole.eu\/wp-content\/uploads\/2026\/03\/english.png\u00a0\u00bb _builder_version=\u00a0\u00bb4.27.6&Prime; _module_preset=\u00a0\u00bbdefault\u00a0\u00bb global_colors_info=\u00a0\u00bb{}\u00a0\u00bb][\/dipi_advanced_tabs_item][dipi_advanced_tabs_item title=\u00a0\u00bbItalien\u00a0\u00bb use_library_content=\u00a0\u00bbon\u00a0\u00bb divi_library=\u00a0\u00bb38143&Prime; tab_media=\u00a0\u00bbimage\u00a0\u00bb tab_image=\u00a0\u00bbhttps:\/\/cee-creditagricole.eu\/wp-content\/uploads\/2025\/12\/MEMBRES-CEE-ITALIE.png\u00a0\u00bb _builder_version=\u00a0\u00bb4.27.6&Prime; _module_preset=\u00a0\u00bbdefault\u00a0\u00bb global_colors_info=\u00a0\u00bb{}\u00a0\u00bb][\/dipi_advanced_tabs_item][dipi_advanced_tabs_item title=\u00a0\u00bbAllemand\u00a0\u00bb use_library_content=\u00a0\u00bbon\u00a0\u00bb divi_library=\u00a0\u00bb38216&Prime; tab_media=\u00a0\u00bbimage\u00a0\u00bb tab_image=\u00a0\u00bbhttps:\/\/cee-creditagricole.eu\/wp-content\/uploads\/2025\/10\/MEMBRES-CEE-ALLEMAGNE.png\u00a0\u00bb _builder_version=\u00a0\u00bb4.27.6&Prime; _module_preset=\u00a0\u00bbdefault\u00a0\u00bb global_colors_info=\u00a0\u00bb{}\u00a0\u00bb][\/dipi_advanced_tabs_item][dipi_advanced_tabs_item title=\u00a0\u00bbPolonais\u00a0\u00bb use_library_content=\u00a0\u00bbon\u00a0\u00bb divi_library=\u00a0\u00bb38264&Prime; tab_media=\u00a0\u00bbimage\u00a0\u00bb tab_image=\u00a0\u00bbhttps:\/\/cee-creditagricole.eu\/wp-content\/uploads\/2025\/12\/MEMBRES-CEE-POLOGNE.png\u00a0\u00bb _builder_version=\u00a0\u00bb4.27.6&Prime; _module_preset=\u00a0\u00bbdefault\u00a0\u00bb global_colors_info=\u00a0\u00bb{}\u00a0\u00bb][\/dipi_advanced_tabs_item][dipi_advanced_tabs_item title=\u00a0\u00bbEspagnol\u00a0\u00bb use_library_content=\u00a0\u00bbon\u00a0\u00bb divi_library=\u00a0\u00bb38308&Prime; tab_media=\u00a0\u00bbimage\u00a0\u00bb tab_image=\u00a0\u00bbhttps:\/\/cee-creditagricole.eu\/wp-content\/uploads\/2025\/12\/MEMBRES-CEE-ESPAGNE.png\u00a0\u00bb _builder_version=\u00a0\u00bb4.27.6&Prime; _module_preset=\u00a0\u00bbdefault\u00a0\u00bb global_colors_info=\u00a0\u00bb{}\u00a0\u00bb][\/dipi_advanced_tabs_item][dipi_advanced_tabs_item title=\u00a0\u00bbPortugais\u00a0\u00bb use_library_content=\u00a0\u00bbon\u00a0\u00bb divi_library=\u00a0\u00bb38354&Prime; tab_media=\u00a0\u00bbimage\u00a0\u00bb tab_image=\u00a0\u00bbhttps:\/\/cee-creditagricole.eu\/wp-content\/uploads\/2025\/12\/MEMBRES-CEE-PORTUGAL.png\u00a0\u00bb _builder_version=\u00a0\u00bb4.27.6&Prime; _module_preset=\u00a0\u00bbdefault\u00a0\u00bb global_colors_info=\u00a0\u00bb{}\u00a0\u00bb][\/dipi_advanced_tabs_item][\/dipi_advanced_tabs][\/et_pb_column][\/et_pb_row][\/et_pb_section]\n","protected":false},"excerpt":{"rendered":"<p>PublicationsAcc\u00e9dez \u00e0 nos comptes rendus de r\u00e9unions pl\u00e9ni\u00e8res, \u00e0 nos rapports d\u2019activit\u00e9 et \u00e0 nos lettres d&rsquo;information internes.<div class=\"et_pb_module dipi_hover_box dipi_hover_box_0 et_animated et_clickable et_pb_section_video_on_hover\">\n\t\t\t\t\n\t\t\t\t\n\t\t\t\t\n\t\t\t\t\n\t\t\t\t\n\t\t\t\t\n\t\t\t\t<div class=\"et_pb_module_inner\">\n\t\t\t\t\t<div class=\"dipi-hover-box-container dipi-hover-box-slide-top hover_box_align_front_top hover_box_align_back_top\" data-force_square=\"off\">\n                <div class=\"dipi-hover-box-inner-wrapper\">\n                    <div class=\"dipi-hover-box-content\">\n              \n              <div class=\"dipi-hover-box-content-innner\">\n                    <div class=\"dipi-content-image-icon-wrap dipi-icon-wrap\">\n                    <span class=\"et-pb-icon et-pb-font-icon dipi-hover-box-content-icon dipi-content-icon-circle\">&#x22;<\/span>\n                <\/div>\n                    <div class=\"dipi-text\">\n                        \n                        <div class=\"dipi-desc\"><\/div>\n                    <\/div>\n              <\/div>\n            <\/div>\n            \n                    <div class=\"dipi-hover-box-hover\">\n                \n                <div class=\"dipi-hover-box-hover-innner\">\n                    <div class=\"dipi-hover-image-icon-wrap dipi-icon-wrap\">\n                    <span class=\"et-pb-icon et-pb-font-icon dipi-hover-box-hover-icon  dipi-hover-icon-circle\">\n                        &#x22;\n                    <\/span>\n                <\/div>\n                    <div class=\"dipi-text\">\n                        \n                        <div class=\"dipi-desc\">\n                    \n                <\/div>\n                    <\/div>\n                    \n                <\/div>\n            <\/div>\n                <\/div>\n            <\/div>\n\t\t\t\t<\/div>\n\t\t\t<\/div><div class=\"et_pb_module dipi_advanced_tabs dipi_advanced_tabs_0\">\n\t\t\t\t\n\t\t\t\t\n\t\t\t\t\n\t\t\t\t\n\t\t\t\t\n\t\t\t\t\n\t\t\t\t<div class=\"et_pb_module_inner\">\n\t\t\t\t\t<div class=\"dipi-advanced-tabs dipi-at-container dipi-advanced-tabs-front\"  data-tab_animation=\"none\" data-animation_duration=\"300\" data-activate_on_hover=\"off\" data-activate_first_tab_as_placeholder=\"on\" data-use_sticky_tabs=\"\u00bbon\" data-use_scroll_to_content=\"{&quot;desktop&quot;:&quot;&quot;,&quot;tablet&quot;:&quot;&quot;,&quot;phone&quot;:&quot;&quot;}\" data-scroll_to_content_offset=\"{&quot;desktop&quot;:&quot;0px&quot;,&quot;tablet&quot;:&quot;0px&quot;,&quot;phone&quot;:&quot;0px&quot;}\" data-ts_navigation_vertical_position=\"{&quot;desktop&quot;:&quot;50&quot;,&quot;tablet&quot;:&quot;50&quot;,&quot;phone&quot;:&quot;50&quot;}\" data-ts_navigation_horizontal_position=\"{&quot;desktop&quot;:&quot;0&quot;,&quot;tablet&quot;:&quot;0&quot;,&quot;phone&quot;:&quot;0&quot;}\" data-sticky_distance=\"55px\" data-sticky_distance_tablet=\"55px\" data-sticky_distance_phone=\"\" data-admin_bar_space=\"\" data-turn_off_sticky=\"none\" data-module_class=\"dipi_advanced_tabs_0\" data-default_tab=\"0\">\n                    <div class=\"dipi-at-tabs-container\" data-slider=''   >\n                        <div class=\"dipi-at-tabs has-arrow arrow-place-top arrow-allign-start\"><\/div>\n                    <\/div>\n                    <div class=\"dipi-at-panels\"><\/div>\n                <\/div>\n\t\t\t\t<\/div>\n\t\t\t<\/div><\/p>","protected":false},"author":1,"featured_media":38362,"parent":0,"menu_order":0,"comment_status":"closed","ping_status":"closed","template":"","meta":{"_et_pb_use_builder":"on","_et_pb_old_content":"<!-- wp:divi\/placeholder \/-->","_et_gb_content_width":"","footnotes":""},"dipi_cpt_category":[],"class_list":["post-29","page","type-page","status-publish","has-post-thumbnail","hentry"],"yoast_head":"<!-- This site is optimized with the Yoast SEO plugin v27.3 - https:\/\/yoast.com\/product\/yoast-seo-wordpress\/ -->\n<title>Publications - CEE - Comit\u00e9 d&#039;entreprise Europ\u00e9en du groupe Cr\u00e9dit Agricole<\/title>\n<meta name=\"description\" content=\"Acc\u00e9dez aux newsletters, bilans de mandature et e-flashs du CEE du Groupe Cr\u00e9dit Agricole, disponibles en fran\u00e7ais, anglais, italien, allemand et plus.\" \/>\n<meta name=\"robots\" content=\"index, follow, max-snippet:-1, max-image-preview:large, max-video-preview:-1\" \/>\n<link rel=\"canonical\" href=\"https:\/\/cee-creditagricole.eu\/nl_nl\/publications\/\" \/>\n<meta property=\"og:locale\" content=\"nl_NL\" \/>\n<meta property=\"og:type\" content=\"article\" \/>\n<meta property=\"og:title\" content=\"Publications - CEE - Comit\u00e9 d&#039;entreprise Europ\u00e9en du groupe Cr\u00e9dit Agricole\" \/>\n<meta property=\"og:description\" content=\"Acc\u00e9dez aux newsletters, bilans de mandature et e-flashs du CEE du Groupe Cr\u00e9dit Agricole, disponibles en fran\u00e7ais, anglais, italien, allemand et plus.\" \/>\n<meta property=\"og:url\" content=\"https:\/\/cee-creditagricole.eu\/nl_nl\/publications\/\" \/>\n<meta property=\"og:site_name\" content=\"CEE - Comit\u00e9 d&#039;entreprise Europ\u00e9en du groupe Cr\u00e9dit Agricole\" \/>\n<meta property=\"article:modified_time\" content=\"2026-03-31T10:18:58+00:00\" \/>\n<meta property=\"og:image\" content=\"https:\/\/cee-creditagricole.eu\/wp-content\/uploads\/2026\/03\/favicon-bleu.png\" \/>\n\t<meta property=\"og:image:width\" content=\"139\" \/>\n\t<meta property=\"og:image:height\" content=\"139\" \/>\n\t<meta property=\"og:image:type\" content=\"image\/png\" \/>\n<meta name=\"twitter:card\" content=\"summary_large_image\" \/>\n<meta name=\"twitter:label1\" content=\"Geschatte leestijd\" \/>\n\t<meta name=\"twitter:data1\" content=\"5 minuten\" \/>\n<script type=\"application\/ld+json\" class=\"yoast-schema-graph\">{\"@context\":\"https:\\\/\\\/schema.org\",\"@graph\":[{\"@type\":\"WebPage\",\"@id\":\"https:\\\/\\\/cee-creditagricole.eu\\\/publications\\\/\",\"url\":\"https:\\\/\\\/cee-creditagricole.eu\\\/publications\\\/\",\"name\":\"Publications - CEE - Comit\u00e9 d&#039;entreprise Europ\u00e9en du groupe Cr\u00e9dit Agricole\",\"isPartOf\":{\"@id\":\"https:\\\/\\\/cee-creditagricole.eu\\\/#website\"},\"primaryImageOfPage\":{\"@id\":\"https:\\\/\\\/cee-creditagricole.eu\\\/publications\\\/#primaryimage\"},\"image\":{\"@id\":\"https:\\\/\\\/cee-creditagricole.eu\\\/publications\\\/#primaryimage\"},\"thumbnailUrl\":\"https:\\\/\\\/cee-creditagricole.eu\\\/wp-content\\\/uploads\\\/2026\\\/03\\\/favicon-bleu.png\",\"datePublished\":\"2025-07-03T12:46:30+00:00\",\"dateModified\":\"2026-03-31T10:18:58+00:00\",\"description\":\"Acc\u00e9dez aux newsletters, bilans de mandature et e-flashs du CEE du Groupe Cr\u00e9dit Agricole, disponibles en fran\u00e7ais, anglais, italien, allemand et plus.\",\"breadcrumb\":{\"@id\":\"https:\\\/\\\/cee-creditagricole.eu\\\/publications\\\/#breadcrumb\"},\"inLanguage\":\"nl-NL\",\"potentialAction\":[{\"@type\":\"ReadAction\",\"target\":[\"https:\\\/\\\/cee-creditagricole.eu\\\/publications\\\/\"]}]},{\"@type\":\"ImageObject\",\"inLanguage\":\"nl-NL\",\"@id\":\"https:\\\/\\\/cee-creditagricole.eu\\\/publications\\\/#primaryimage\",\"url\":\"https:\\\/\\\/cee-creditagricole.eu\\\/wp-content\\\/uploads\\\/2026\\\/03\\\/favicon-bleu.png\",\"contentUrl\":\"https:\\\/\\\/cee-creditagricole.eu\\\/wp-content\\\/uploads\\\/2026\\\/03\\\/favicon-bleu.png\",\"width\":139,\"height\":139,\"caption\":\"Logo du Comit\u00e9 d'Entreprise Europ\u00e9en \u2013 Groupe Cr\u00e9dit Agricole\"},{\"@type\":\"BreadcrumbList\",\"@id\":\"https:\\\/\\\/cee-creditagricole.eu\\\/publications\\\/#breadcrumb\",\"itemListElement\":[{\"@type\":\"ListItem\",\"position\":1,\"name\":\"Accueil\",\"item\":\"https:\\\/\\\/cee-creditagricole.eu\\\/\"},{\"@type\":\"ListItem\",\"position\":2,\"name\":\"Publications\"}]},{\"@type\":\"WebSite\",\"@id\":\"https:\\\/\\\/cee-creditagricole.eu\\\/#website\",\"url\":\"https:\\\/\\\/cee-creditagricole.eu\\\/\",\"name\":\"CEE - Comit\u00e9 d'entreprise Europ\u00e9en\",\"description\":\"CEE - Groupe Cr\u00e9dit Agricole\",\"publisher\":{\"@id\":\"https:\\\/\\\/cee-creditagricole.eu\\\/#organization\"},\"alternateName\":\"CEE - Comit\u00e9 d'entreprise Europ\u00e9en\",\"potentialAction\":[{\"@type\":\"SearchAction\",\"target\":{\"@type\":\"EntryPoint\",\"urlTemplate\":\"https:\\\/\\\/cee-creditagricole.eu\\\/?s={search_term_string}\"},\"query-input\":{\"@type\":\"PropertyValueSpecification\",\"valueRequired\":true,\"valueName\":\"search_term_string\"}}],\"inLanguage\":\"nl-NL\"},{\"@type\":\"Organization\",\"@id\":\"https:\\\/\\\/cee-creditagricole.eu\\\/#organization\",\"name\":\"CEE - Comit\u00e9 d'entreprise Europ\u00e9en\",\"alternateName\":\"CEE - Comit\u00e9 d'entreprise Europ\u00e9en\",\"url\":\"https:\\\/\\\/cee-creditagricole.eu\\\/\",\"logo\":{\"@type\":\"ImageObject\",\"inLanguage\":\"nl-NL\",\"@id\":\"https:\\\/\\\/cee-creditagricole.eu\\\/#\\\/schema\\\/logo\\\/image\\\/\",\"url\":\"https:\\\/\\\/cee-creditagricole.eu\\\/wp-content\\\/uploads\\\/2025\\\/07\\\/logo-avec-fond-blanc.png\",\"contentUrl\":\"https:\\\/\\\/cee-creditagricole.eu\\\/wp-content\\\/uploads\\\/2025\\\/07\\\/logo-avec-fond-blanc.png\",\"width\":555,\"height\":369,\"caption\":\"CEE - Comit\u00e9 d'entreprise Europ\u00e9en\"},\"image\":{\"@id\":\"https:\\\/\\\/cee-creditagricole.eu\\\/#\\\/schema\\\/logo\\\/image\\\/\"}}]}<\/script>\n<!-- \/ Yoast SEO plugin. -->","yoast_head_json":{"title":"Publications - CEE - Comit\u00e9 d&#039;entreprise Europ\u00e9en du groupe Cr\u00e9dit Agricole","description":"Acc\u00e9dez aux newsletters, bilans de mandature et e-flashs du CEE du Groupe Cr\u00e9dit Agricole, disponibles en fran\u00e7ais, anglais, italien, allemand et plus.","robots":{"index":"index","follow":"follow","max-snippet":"max-snippet:-1","max-image-preview":"max-image-preview:large","max-video-preview":"max-video-preview:-1"},"canonical":"https:\/\/cee-creditagricole.eu\/nl_nl\/publications\/","og_locale":"nl_NL","og_type":"article","og_title":"Publications - CEE - Comit\u00e9 d&#039;entreprise Europ\u00e9en du groupe Cr\u00e9dit Agricole","og_description":"Acc\u00e9dez aux newsletters, bilans de mandature et e-flashs du CEE du Groupe Cr\u00e9dit Agricole, disponibles en fran\u00e7ais, anglais, italien, allemand et plus.","og_url":"https:\/\/cee-creditagricole.eu\/nl_nl\/publications\/","og_site_name":"CEE - Comit\u00e9 d&#039;entreprise Europ\u00e9en du groupe Cr\u00e9dit Agricole","article_modified_time":"2026-03-31T10:18:58+00:00","og_image":[{"width":139,"height":139,"url":"https:\/\/cee-creditagricole.eu\/wp-content\/uploads\/2026\/03\/favicon-bleu.png","type":"image\/png"}],"twitter_card":"summary_large_image","twitter_misc":{"Geschatte leestijd":"5 minuten"},"schema":{"@context":"https:\/\/schema.org","@graph":[{"@type":"WebPage","@id":"https:\/\/cee-creditagricole.eu\/publications\/","url":"https:\/\/cee-creditagricole.eu\/publications\/","name":"Publications - CEE - Comit\u00e9 d&#039;entreprise Europ\u00e9en du groupe Cr\u00e9dit Agricole","isPartOf":{"@id":"https:\/\/cee-creditagricole.eu\/#website"},"primaryImageOfPage":{"@id":"https:\/\/cee-creditagricole.eu\/publications\/#primaryimage"},"image":{"@id":"https:\/\/cee-creditagricole.eu\/publications\/#primaryimage"},"thumbnailUrl":"https:\/\/cee-creditagricole.eu\/wp-content\/uploads\/2026\/03\/favicon-bleu.png","datePublished":"2025-07-03T12:46:30+00:00","dateModified":"2026-03-31T10:18:58+00:00","description":"Acc\u00e9dez aux newsletters, bilans de mandature et e-flashs du CEE du Groupe Cr\u00e9dit Agricole, disponibles en fran\u00e7ais, anglais, italien, allemand et plus.","breadcrumb":{"@id":"https:\/\/cee-creditagricole.eu\/publications\/#breadcrumb"},"inLanguage":"nl-NL","potentialAction":[{"@type":"ReadAction","target":["https:\/\/cee-creditagricole.eu\/publications\/"]}]},{"@type":"ImageObject","inLanguage":"nl-NL","@id":"https:\/\/cee-creditagricole.eu\/publications\/#primaryimage","url":"https:\/\/cee-creditagricole.eu\/wp-content\/uploads\/2026\/03\/favicon-bleu.png","contentUrl":"https:\/\/cee-creditagricole.eu\/wp-content\/uploads\/2026\/03\/favicon-bleu.png","width":139,"height":139,"caption":"Logo du Comit\u00e9 d'Entreprise Europ\u00e9en \u2013 Groupe Cr\u00e9dit Agricole"},{"@type":"BreadcrumbList","@id":"https:\/\/cee-creditagricole.eu\/publications\/#breadcrumb","itemListElement":[{"@type":"ListItem","position":1,"name":"Accueil","item":"https:\/\/cee-creditagricole.eu\/"},{"@type":"ListItem","position":2,"name":"Publications"}]},{"@type":"WebSite","@id":"https:\/\/cee-creditagricole.eu\/#website","url":"https:\/\/cee-creditagricole.eu\/","name":"_CEE - Europees Bedrijfscomit\u00e9_","description":"CEE - Cr\u00e9dit Agricole Groep","publisher":{"@id":"https:\/\/cee-creditagricole.eu\/#organization"},"alternateName":"CEE - Comit\u00e9 d'entreprise Europ\u00e9en","potentialAction":[{"@type":"SearchAction","target":{"@type":"EntryPoint","urlTemplate":"https:\/\/cee-creditagricole.eu\/?s={search_term_string}"},"query-input":{"@type":"PropertyValueSpecification","valueRequired":true,"valueName":"search_term_string"}}],"inLanguage":"nl-NL"},{"@type":"Organization","@id":"https:\/\/cee-creditagricole.eu\/#organization","name":"_CEE - Europees Bedrijfscomit\u00e9_","alternateName":"CEE - Comit\u00e9 d'entreprise Europ\u00e9en","url":"https:\/\/cee-creditagricole.eu\/","logo":{"@type":"ImageObject","inLanguage":"nl-NL","@id":"https:\/\/cee-creditagricole.eu\/#\/schema\/logo\/image\/","url":"https:\/\/cee-creditagricole.eu\/wp-content\/uploads\/2025\/07\/logo-avec-fond-blanc.png","contentUrl":"https:\/\/cee-creditagricole.eu\/wp-content\/uploads\/2025\/07\/logo-avec-fond-blanc.png","width":555,"height":369,"caption":"CEE - Comit\u00e9 d'entreprise Europ\u00e9en"},"image":{"@id":"https:\/\/cee-creditagricole.eu\/#\/schema\/logo\/image\/"}}]}},"_links":{"self":[{"href":"https:\/\/cee-creditagricole.eu\/nl_nl\/wp-json\/wp\/v2\/pages\/29","targetHints":{"allow":["GET"]}}],"collection":[{"href":"https:\/\/cee-creditagricole.eu\/nl_nl\/wp-json\/wp\/v2\/pages"}],"about":[{"href":"https:\/\/cee-creditagricole.eu\/nl_nl\/wp-json\/wp\/v2\/types\/page"}],"author":[{"embeddable":true,"href":"https:\/\/cee-creditagricole.eu\/nl_nl\/wp-json\/wp\/v2\/users\/1"}],"replies":[{"embeddable":true,"href":"https:\/\/cee-creditagricole.eu\/nl_nl\/wp-json\/wp\/v2\/comments?post=29"}],"version-history":[{"count":53,"href":"https:\/\/cee-creditagricole.eu\/nl_nl\/wp-json\/wp\/v2\/pages\/29\/revisions"}],"predecessor-version":[{"id":38365,"href":"https:\/\/cee-creditagricole.eu\/nl_nl\/wp-json\/wp\/v2\/pages\/29\/revisions\/38365"}],"wp:featuredmedia":[{"embeddable":true,"href":"https:\/\/cee-creditagricole.eu\/nl_nl\/wp-json\/wp\/v2\/media\/38362"}],"wp:attachment":[{"href":"https:\/\/cee-creditagricole.eu\/nl_nl\/wp-json\/wp\/v2\/media?parent=29"}],"wp:term":[{"taxonomy":"dipi_cpt_category","embeddable":true,"href":"https:\/\/cee-creditagricole.eu\/nl_nl\/wp-json\/wp\/v2\/dipi_cpt_category?post=29"}],"curies":[{"name":"wp","href":"https:\/\/api.w.org\/{rel}","templated":true}]}}